{"id":2159,"date":"2022-04-25T12:45:25","date_gmt":"2022-04-25T12:45:25","guid":{"rendered":"https:\/\/kadence.pixel-show.com\/political-1\/?page_id=12"},"modified":"2023-05-31T15:23:18","modified_gmt":"2023-05-31T13:23:18","slug":"issues","status":"publish","type":"page","link":"https:\/\/old.umalidy-invest-sudmaroc.com\/?page_id=2159","title":{"rendered":"Chers investisseurs,"},"content":{"rendered":"<style>.kb-row-layout-id_d51e60-68 > .kt-row-column-wrap{align-content:start;}:where(.kb-row-layout-id_d51e60-68 > .kt-row-column-wrap) > .wp-block-kadence-column{justify-content:start;}.kb-row-layout-id_d51e60-68 > .kt-row-column-wrap{column-gap:var(--global-kb-gap-md, 2rem);row-gap:var(--global-kb-gap-md, 2rem);max-width:var( --global-content-width, 1290px );padding-left:var(--global-content-edge-padding);padding-right:var(--global-content-edge-padding);padding-top:80px;padding-bottom:80px;grid-template-columns:minmax(0, 1fr);}.kb-row-layout-id_d51e60-68{background-image:url('https:\/\/old.umalidy-invest-sudmaroc.com\/wp-content\/uploads\/2023\/04\/COUVERTURE-UMALIDY-AVEC-NADIA-CHERIF-RAGUIBI.jpg');background-size:cover;background-position:49% 38%;background-attachment:scroll;background-repeat:no-repeat;}.kb-row-layout-id_d51e60-68 > .kt-row-layout-overlay{opacity:0.50;mix-blend-mode:multiply;}@media all and (max-width: 1024px){.kb-row-layout-id_d51e60-68 > .kt-row-column-wrap{padding-top:80px;padding-bottom:80px;grid-template-columns:minmax(0, 1fr);}}@media all and (max-width: 767px){.kb-row-layout-id_d51e60-68 > .kt-row-column-wrap{grid-template-columns:minmax(0, 1fr);}}<\/style><div class=\"kb-row-layout-wrap kb-row-layout-id_d51e60-68 alignnone has-theme-palette6-background-color kt-row-has-bg wp-block-kadence-rowlayout\"><div class=\"kt-row-column-wrap kt-has-1-columns kt-row-layout-equal kt-tab-layout-inherit kt-mobile-layout-row kt-row-valign-top kb-theme-content-width\">\n<style>.kadence-column_b0906f-fa > .kt-inside-inner-col,.kadence-column_b0906f-fa > .kt-inside-inner-col:before{border-top-left-radius:0px;border-top-right-radius:0px;border-bottom-right-radius:0px;border-bottom-left-radius:0px;}.kadence-column_b0906f-fa > .kt-inside-inner-col{column-gap:var(--global-kb-gap-sm, 1rem);}.kadence-column_b0906f-fa > .kt-inside-inner-col{flex-direction:column;}.kadence-column_b0906f-fa > .kt-inside-inner-col > .aligncenter{width:100%;}.kadence-column_b0906f-fa > .kt-inside-inner-col:before{opacity:0.3;}.kadence-column_b0906f-fa{position:relative;}@media all and (max-width: 1024px){.kadence-column_b0906f-fa > .kt-inside-inner-col{padding-top:0px;padding-right:0px;padding-bottom:0px;padding-left:0px;flex-direction:column;}}@media all and (max-width: 767px){.kadence-column_b0906f-fa > .kt-inside-inner-col{flex-direction:column;}}<\/style>\n<div class=\"wp-block-kadence-column kadence-column_b0906f-fa inner-column-1\"><div class=\"kt-inside-inner-col\"><style>.kb-row-layout-id_c0b992-79 > .kt-row-column-wrap{align-content:start;}:where(.kb-row-layout-id_c0b992-79 > .kt-row-column-wrap) > .wp-block-kadence-column{justify-content:start;}.kb-row-layout-id_c0b992-79 > .kt-row-column-wrap{column-gap:var(--global-kb-gap-md, 2rem);row-gap:var(--global-kb-gap-md, 2rem);max-width:600px;margin-left:auto;margin-right:auto;padding-top:0px;padding-bottom:0px;grid-template-columns:minmax(0, 1fr);}.kb-row-layout-id_c0b992-79 > .kt-row-layout-overlay{opacity:0.30;}@media all and (max-width: 1024px){.kb-row-layout-id_c0b992-79 > .kt-row-column-wrap{padding-top:0px;padding-right:0px;padding-bottom:0px;padding-left:0px;grid-template-columns:minmax(0, 1fr);}}@media all and (max-width: 767px){.kb-row-layout-id_c0b992-79 > .kt-row-column-wrap{grid-template-columns:minmax(0, 1fr);}}<\/style><div class=\"kb-row-layout-wrap kb-row-layout-id_c0b992-79 alignnone wp-block-kadence-rowlayout\"><div class=\"kt-row-column-wrap kt-has-1-columns kt-row-layout-equal kt-tab-layout-inherit kt-mobile-layout-row kt-row-valign-top\">\n<style>.kadence-column_1f2c3b-77 > .kt-inside-inner-col{padding-right:40px;padding-left:40px;}.kadence-column_1f2c3b-77 > .kt-inside-inner-col,.kadence-column_1f2c3b-77 > .kt-inside-inner-col:before{border-top-left-radius:0px;border-top-right-radius:0px;border-bottom-right-radius:0px;border-bottom-left-radius:0px;}.kadence-column_1f2c3b-77 > .kt-inside-inner-col{column-gap:var(--global-kb-gap-sm, 1rem);}.kadence-column_1f2c3b-77 > .kt-inside-inner-col{flex-direction:column;}.kadence-column_1f2c3b-77 > .kt-inside-inner-col > .aligncenter{width:100%;}.kadence-column_1f2c3b-77 > .kt-inside-inner-col:before{opacity:0.3;}.kadence-column_1f2c3b-77{position:relative;}@media all and (max-width: 1024px){.kadence-column_1f2c3b-77 > .kt-inside-inner-col{flex-direction:column;}}@media all and (max-width: 767px){.kadence-column_1f2c3b-77 > .kt-inside-inner-col{padding-right:0px;padding-left:0px;flex-direction:column;}}<\/style>\n<div class=\"wp-block-kadence-column kadence-column_1f2c3b-77 inner-column-1\"><div class=\"kt-inside-inner-col\"><\/div><\/div>\n\n<\/div><\/div><\/div><\/div>\n\n<\/div><\/div>\n\n<style>.kb-row-layout-id_7000d9-e2 > .kt-row-column-wrap{align-content:start;}:where(.kb-row-layout-id_7000d9-e2 > .kt-row-column-wrap) > .wp-block-kadence-column{justify-content:start;}.kb-row-layout-id_7000d9-e2 > .kt-row-column-wrap{column-gap:var(--global-kb-gap-md, 2rem);row-gap:var(--global-kb-gap-md, 2rem);max-width:var( --global-content-width, 1290px );padding-left:var(--global-content-edge-padding);padding-right:var(--global-content-edge-padding);padding-top:60px;padding-bottom:25px;grid-template-columns:minmax(0, 1fr);}.kb-row-layout-id_7000d9-e2 > .kt-row-layout-overlay{opacity:0.30;}@media all and (max-width: 1024px){.kb-row-layout-id_7000d9-e2 > .kt-row-column-wrap{padding-right:160px;padding-left:160px;grid-template-columns:minmax(0, 1fr);}}@media all and (max-width: 767px){.kb-row-layout-id_7000d9-e2 > .kt-row-column-wrap{padding-right:20px;padding-left:20px;grid-template-columns:minmax(0, 1fr);}}<\/style><div class=\"kb-row-layout-wrap kb-row-layout-id_7000d9-e2 alignnone has-theme-palette8-background-color kt-row-has-bg wp-block-kadence-rowlayout\"><div class=\"kt-row-column-wrap kt-has-1-columns kt-row-layout-equal kt-tab-layout-inherit kt-mobile-layout-row kt-row-valign-top kb-theme-content-width\">\n<style>.kadence-column_cf3c46-01 > .kt-inside-inner-col,.kadence-column_cf3c46-01 > .kt-inside-inner-col:before{border-top-left-radius:0px;border-top-right-radius:0px;border-bottom-right-radius:0px;border-bottom-left-radius:0px;}.kadence-column_cf3c46-01 > .kt-inside-inner-col{column-gap:var(--global-kb-gap-sm, 1rem);}.kadence-column_cf3c46-01 > .kt-inside-inner-col{flex-direction:column;}.kadence-column_cf3c46-01 > .kt-inside-inner-col > .aligncenter{width:100%;}.kadence-column_cf3c46-01 > .kt-inside-inner-col:before{opacity:0.3;}.kadence-column_cf3c46-01{position:relative;}@media all and (max-width: 1024px){.kadence-column_cf3c46-01 > .kt-inside-inner-col{padding-right:0px;padding-left:0px;flex-direction:column;}}@media all and (max-width: 767px){.kadence-column_cf3c46-01 > .kt-inside-inner-col{padding-right:0px;padding-left:0px;flex-direction:column;}}<\/style>\n<div class=\"wp-block-kadence-column kadence-column_cf3c46-01 inner-column-1\"><div class=\"kt-inside-inner-col\"><style>.kb-row-layout-id_f7dfbb-ad > .kt-row-column-wrap{align-content:start;}:where(.kb-row-layout-id_f7dfbb-ad > .kt-row-column-wrap) > .wp-block-kadence-column{justify-content:start;}.kb-row-layout-id_f7dfbb-ad > .kt-row-column-wrap{column-gap:var(--global-kb-gap-md, 2rem);row-gap:var(--global-kb-gap-md, 2rem);max-width:600px;margin-left:auto;margin-right:auto;padding-top:20px;padding-bottom:25px;grid-template-columns:minmax(0, 1fr);}.kb-row-layout-id_f7dfbb-ad > .kt-row-layout-overlay{opacity:0.30;}@media all and (max-width: 1024px){.kb-row-layout-id_f7dfbb-ad > .kt-row-column-wrap{grid-template-columns:minmax(0, 1fr);}}@media all and (max-width: 767px){.kb-row-layout-id_f7dfbb-ad > .kt-row-column-wrap{grid-template-columns:minmax(0, 1fr);}}<\/style><div class=\"kb-row-layout-wrap kb-row-layout-id_f7dfbb-ad alignnone wp-block-kadence-rowlayout\"><div class=\"kt-row-column-wrap kt-has-1-columns kt-row-layout-equal kt-tab-layout-inherit kt-mobile-layout-row kt-row-valign-top\">\n<style>.kadence-column_cc037f-20 > .kt-inside-inner-col,.kadence-column_cc037f-20 > .kt-inside-inner-col:before{border-top-left-radius:0px;border-top-right-radius:0px;border-bottom-right-radius:0px;border-bottom-left-radius:0px;}.kadence-column_cc037f-20 > .kt-inside-inner-col{column-gap:var(--global-kb-gap-sm, 1rem);}.kadence-column_cc037f-20 > .kt-inside-inner-col{flex-direction:column;}.kadence-column_cc037f-20 > .kt-inside-inner-col > .aligncenter{width:100%;}.kadence-column_cc037f-20 > .kt-inside-inner-col:before{opacity:0.3;}.kadence-column_cc037f-20{position:relative;}@media all and (max-width: 1024px){.kadence-column_cc037f-20 > .kt-inside-inner-col{flex-direction:column;}}@media all and (max-width: 767px){.kadence-column_cc037f-20 > .kt-inside-inner-col{flex-direction:column;}}<\/style>\n<div class=\"wp-block-kadence-column kadence-column_cc037f-20 inner-column-1\"><div class=\"kt-inside-inner-col\"><style>.wp-block-kadence-advancedheading.kt-adv-heading_975966-21, .wp-block-kadence-advancedheading.kt-adv-heading_975966-21[data-kb-block=\"kb-adv-heading_975966-21\"]{padding-bottom:20px;text-align:center;font-style:normal;text-transform:capitalize;}.wp-block-kadence-advancedheading.kt-adv-heading_975966-21 mark, .wp-block-kadence-advancedheading.kt-adv-heading_975966-21[data-kb-block=\"kb-adv-heading_975966-21\"] mark{font-style:normal;color:#f76a0c;padding-top:0px;padding-right:0px;padding-bottom:0px;padding-left:0px;}@media all and (max-width: 767px){.wp-block-kadence-advancedheading.kt-adv-heading_975966-21, .wp-block-kadence-advancedheading.kt-adv-heading_975966-21[data-kb-block=\"kb-adv-heading_975966-21\"]{text-align:center!important;}}<\/style>\n<h6 class=\"kt-adv-heading_975966-21 wp-block-kadence-advancedheading\" data-kb-block=\"kb-adv-heading_975966-21\">Pr\u00e9sentation Umalidy invest Sud Maroc<\/h6>\n\n\n<style>.wp-block-kadence-advancedheading.kt-adv-heading_e1306d-b5, .wp-block-kadence-advancedheading.kt-adv-heading_e1306d-b5[data-kb-block=\"kb-adv-heading_e1306d-b5\"]{padding-bottom:20px;text-align:center;font-style:normal;}.wp-block-kadence-advancedheading.kt-adv-heading_e1306d-b5 mark, .wp-block-kadence-advancedheading.kt-adv-heading_e1306d-b5[data-kb-block=\"kb-adv-heading_e1306d-b5\"] mark{font-style:normal;color:#f76a0c;padding-top:0px;padding-right:0px;padding-bottom:0px;padding-left:0px;}@media all and (max-width: 1024px){.wp-block-kadence-advancedheading.kt-adv-heading_e1306d-b5, .wp-block-kadence-advancedheading.kt-adv-heading_e1306d-b5[data-kb-block=\"kb-adv-heading_e1306d-b5\"]{line-height:48px;}}@media all and (max-width: 767px){.wp-block-kadence-advancedheading.kt-adv-heading_e1306d-b5, .wp-block-kadence-advancedheading.kt-adv-heading_e1306d-b5[data-kb-block=\"kb-adv-heading_e1306d-b5\"]{text-align:center!important;}}<\/style>\n<h2 class=\"kt-adv-heading_e1306d-b5 wp-block-kadence-advancedheading\" data-kb-block=\"kb-adv-heading_e1306d-b5\">Chers investisseurs,<\/h2>\n<\/div><\/div>\n\n<\/div><\/div>\n\n<style>.kb-row-layout-id_885690-5d > .kt-row-column-wrap{align-content:start;}:where(.kb-row-layout-id_885690-5d > .kt-row-column-wrap) > .wp-block-kadence-column{justify-content:start;}.kb-row-layout-id_885690-5d > .kt-row-column-wrap{column-gap:40px;row-gap:var(--global-kb-gap-md, 2rem);padding-top:60px;padding-bottom:80px;grid-template-columns:repeat(2, minmax(0, 1fr));}.kb-row-layout-id_885690-5d > .kt-row-layout-overlay{opacity:0.30;}@media all and (max-width: 1024px){.kb-row-layout-id_885690-5d > .kt-row-column-wrap{padding-top:40px;padding-right:10px;padding-left:10px;grid-template-columns:repeat(2, minmax(0, 1fr));}}@media all and (max-width: 767px){.kb-row-layout-id_885690-5d > .kt-row-column-wrap{padding-top:20px;padding-right:0px;padding-bottom:20px;padding-left:0px;grid-template-columns:minmax(0, 1fr);}}<\/style><div class=\"kb-row-layout-wrap kb-row-layout-id_885690-5d alignnone wp-block-kadence-rowlayout\"><div class=\"kt-row-column-wrap kt-has-2-columns kt-row-layout-equal kt-tab-layout-inherit kt-mobile-layout-row kt-row-valign-top\">\n<style>.kadence-column_9226bd-d5 > .kt-inside-inner-col,.kadence-column_9226bd-d5 > .kt-inside-inner-col:before{border-top-left-radius:0px;border-top-right-radius:0px;border-bottom-right-radius:0px;border-bottom-left-radius:0px;}.kadence-column_9226bd-d5 > .kt-inside-inner-col{column-gap:var(--global-kb-gap-sm, 1rem);}.kadence-column_9226bd-d5 > .kt-inside-inner-col{flex-direction:column;}.kadence-column_9226bd-d5 > .kt-inside-inner-col > .aligncenter{width:100%;}.kadence-column_9226bd-d5 > .kt-inside-inner-col:before{opacity:0.3;}.kadence-column_9226bd-d5{position:relative;}@media all and (max-width: 1024px){.kadence-column_9226bd-d5 > .kt-inside-inner-col{flex-direction:column;}}@media all and (max-width: 767px){.kadence-column_9226bd-d5 > .kt-inside-inner-col{flex-direction:column;}}<\/style>\n<div class=\"wp-block-kadence-column kadence-column_9226bd-d5\"><div class=\"kt-inside-inner-col\">\n<p>Je suis Nadia Cherif Raguibi, fondatrice d&rsquo;Umadily. Si vous recherchez une entreprise de conseil en investissement sur la zone Sud qui allie expertise et exp\u00e9rience, vous \u00eates au bon endroit. En tant qu &lsquo;entrepreneur passionn\u00e9e, j&rsquo;ai cr\u00e9\u00e9 cette entreprise priv\u00e9e marocaine en mettant l&rsquo;accent sur une approche innovante et une vision \u00e0 long terme.<\/p>\n\n\n\n<p>Mon expertise me permet de vous accompagner dans vos projets d&rsquo;investissement sur la zone Sud, en identifiant les opportunit\u00e9s les plus rentables et en g\u00e9rant les risques potentiels. Je suis \u00e9galement sp\u00e9cialis\u00e9 dans la formation en communication, avec une attention particuli\u00e8re port\u00e9e \u00e0 l&rsquo;art oratoire, la prise de parole et les techniques de vente. Enfin, j&rsquo;offre des enseignements sur la th\u00e9matique du bien-\u00eatre, \u00e9l\u00e9ment indispensable \u00e0 la r\u00e9ussite et \u00e0 l&rsquo;\u00e9panouissement personnel.<\/p>\n\n\n\n<p>Mon \u00e9quipe passionn\u00e9e et qualifi\u00e9e est \u00e0 votre disposition pour vous accompagner tout au long de vos projets et garantir des r\u00e9sultats durables et rentables. Nous mettons en pratique notre exp\u00e9rience et notre savoir-faire \u00e0 votre service, pour vous permettre de r\u00e9aliser vos ambitions et de r\u00e9ussir vos projets.<\/p>\n\n\n\n<p>En consid\u00e9rant Umadily, vous faites le choix de l&rsquo;expertise, de la qualit\u00e9 et de la confiance. Contactez-moi d\u00e8s maintenant pour discuter de vos projets.<\/p>\n\n\n\n<p>Cordialement,<\/p>\n\n\n\n<p><strong>Nadia Cherif Raguibi, fondatrice d&rsquo;Umadily.<\/strong><\/p>\n<\/div><\/div>\n\n\n<style>.kadence-column_019f37-c5 > .kt-inside-inner-col,.kadence-column_019f37-c5 > .kt-inside-inner-col:before{border-top-left-radius:0px;border-top-right-radius:0px;border-bottom-right-radius:0px;border-bottom-left-radius:0px;}.kadence-column_019f37-c5 > .kt-inside-inner-col{column-gap:var(--global-kb-gap-sm, 1rem);}.kadence-column_019f37-c5 > .kt-inside-inner-col{flex-direction:column;}.kadence-column_019f37-c5 > .kt-inside-inner-col > .aligncenter{width:100%;}.kadence-column_019f37-c5 > .kt-inside-inner-col:before{opacity:0.3;}.kadence-column_019f37-c5{position:relative;}@media all and (max-width: 1024px){.kadence-column_019f37-c5 > .kt-inside-inner-col{flex-direction:column;}}@media all and (max-width: 767px){.kadence-column_019f37-c5 > .kt-inside-inner-col{flex-direction:column;}}<\/style>\n<div class=\"wp-block-kadence-column kadence-column_019f37-c5\"><div class=\"kt-inside-inner-col\">\n<figure class=\"wp-block-image size-large\"><img decoding=\"async\" loading=\"lazy\" width=\"1024\" height=\"599\" data-src=\"https:\/\/old.umalidy-invest-sudmaroc.com\/wp-content\/uploads\/2023\/01\/baground-p1-e1673219567840-1024x599.png\" alt=\"\" class=\"wp-image-2183 lazyload\" data-srcset=\"https:\/\/old.umalidy-invest-sudmaroc.com\/wp-content\/uploads\/2023\/01\/baground-p1-e1673219567840-1024x599.png 1024w, https:\/\/old.umalidy-invest-sudmaroc.com\/wp-content\/uploads\/2023\/01\/baground-p1-e1673219567840-300x176.png 300w, https:\/\/old.umalidy-invest-sudmaroc.com\/wp-content\/uploads\/2023\/01\/baground-p1-e1673219567840-768x449.png 768w, https:\/\/old.umalidy-invest-sudmaroc.com\/wp-content\/uploads\/2023\/01\/baground-p1-e1673219567840-1536x899.png 1536w, https:\/\/old.umalidy-invest-sudmaroc.com\/wp-content\/uploads\/2023\/01\/baground-p1-e1673219567840.png 2000w\" data-sizes=\"(max-width: 1024px) 100vw, 1024px\" src=\"data:image\/gif;base64,R0lGODlhAQABAAAAACH5BAEKAAEALAAAAAABAAEAAAICTAEAOw==\" style=\"--smush-placeholder-width: 1024px; --smush-placeholder-aspect-ratio: 1024\/599;\" \/><noscript><img decoding=\"async\" loading=\"lazy\" width=\"1024\" height=\"599\" src=\"https:\/\/old.umalidy-invest-sudmaroc.com\/wp-content\/uploads\/2023\/01\/baground-p1-e1673219567840-1024x599.png\" alt=\"\" class=\"wp-image-2183\" srcset=\"https:\/\/old.umalidy-invest-sudmaroc.com\/wp-content\/uploads\/2023\/01\/baground-p1-e1673219567840-1024x599.png 1024w, https:\/\/old.umalidy-invest-sudmaroc.com\/wp-content\/uploads\/2023\/01\/baground-p1-e1673219567840-300x176.png 300w, https:\/\/old.umalidy-invest-sudmaroc.com\/wp-content\/uploads\/2023\/01\/baground-p1-e1673219567840-768x449.png 768w, https:\/\/old.umalidy-invest-sudmaroc.com\/wp-content\/uploads\/2023\/01\/baground-p1-e1673219567840-1536x899.png 1536w, https:\/\/old.umalidy-invest-sudmaroc.com\/wp-content\/uploads\/2023\/01\/baground-p1-e1673219567840.png 2000w\" sizes=\"(max-width: 1024px) 100vw, 1024px\" \/><\/noscript><\/figure>\n<\/div><\/div>\n\n<\/div><\/div><\/div><\/div>\n\n<\/div><\/div>","protected":false},"excerpt":{"rendered":"<p>Pr\u00e9sentation Umalidy invest Sud Maroc Chers investisseurs, Je suis Nadia Cherif Raguibi, fondatrice d&rsquo;Umadily. Si vous recherchez une entreprise de conseil en investissement sur la zone Sud qui allie expertise et exp\u00e9rience, vous \u00eates au bon endroit. En tant qu &lsquo;entrepreneur passionn\u00e9e, j&rsquo;ai cr\u00e9\u00e9 cette entreprise priv\u00e9e marocaine en mettant l&rsquo;accent sur une approche innovante&#8230;<\/p>\n","protected":false},"author":1,"featured_media":0,"parent":0,"menu_order":0,"comment_status":"closed","ping_status":"closed","template":"","meta":{"_kad_blocks_custom_css":"","_kad_blocks_head_custom_js":"","_kad_blocks_body_custom_js":"","_kad_blocks_footer_custom_js":"","_kadence_starter_templates_imported_post":true,"_kad_post_transparent":"","_kad_post_title":"hide","_kad_post_layout":"fullwidth","_kad_post_sidebar_id":"","_kad_post_content_style":"unboxed","_kad_post_vertical_padding":"hide","_kad_post_feature":"hide","_kad_post_feature_position":"","_kad_post_header":false,"_kad_post_footer":false},"yoast_head":"<!-- This site is optimized with the Yoast SEO plugin v21.0 - https:\/\/yoast.com\/wordpress\/plugins\/seo\/ -->\n<title>Chers investisseurs, - umalidy-invest-sudmaroc.com<\/title>\n<meta name=\"description\" content=\"Chers investisseurs,\" \/>\n<meta name=\"robots\" content=\"index, follow, max-snippet:-1, max-image-preview:large, max-video-preview:-1\" \/>\n<link rel=\"canonical\" href=\"https:\/\/old.umalidy-invest-sudmaroc.com\/?page_id=2159\" \/>\n<meta property=\"og:locale\" content=\"fr_FR\" \/>\n<meta property=\"og:type\" content=\"article\" \/>\n<meta property=\"og:title\" content=\"Chers investisseurs, - umalidy-invest-sudmaroc.com\" \/>\n<meta property=\"og:description\" content=\"Chers investisseurs,\" \/>\n<meta property=\"og:url\" content=\"https:\/\/old.umalidy-invest-sudmaroc.com\/?page_id=2159\" \/>\n<meta property=\"og:site_name\" content=\"umalidy-invest-sudmaroc.com\" \/>\n<meta property=\"article:modified_time\" content=\"2023-05-31T13:23:18+00:00\" \/>\n<meta property=\"og:image\" content=\"https:\/\/old.umalidy-invest-sudmaroc.com\/wp-content\/uploads\/2023\/01\/baground-p1-e1673219567840-1024x599.png\" \/>\n<meta name=\"twitter:card\" content=\"summary_large_image\" \/>\n<meta name=\"twitter:label1\" content=\"Dur\u00e9e de lecture estim\u00e9e\" \/>\n\t<meta name=\"twitter:data1\" content=\"1 minute\" \/>\n<script type=\"application\/ld+json\" class=\"yoast-schema-graph\">{\"@context\":\"https:\/\/schema.org\",\"@graph\":[{\"@type\":\"WebPage\",\"@id\":\"https:\/\/old.umalidy-invest-sudmaroc.com\/?page_id=2159\",\"url\":\"https:\/\/old.umalidy-invest-sudmaroc.com\/?page_id=2159\",\"name\":\"Chers investisseurs, - umalidy-invest-sudmaroc.com\",\"isPartOf\":{\"@id\":\"https:\/\/old.umalidy-invest-sudmaroc.com\/#website\"},\"datePublished\":\"2022-04-25T12:45:25+00:00\",\"dateModified\":\"2023-05-31T13:23:18+00:00\",\"description\":\"Chers investisseurs,\",\"breadcrumb\":{\"@id\":\"https:\/\/old.umalidy-invest-sudmaroc.com\/?page_id=2159#breadcrumb\"},\"inLanguage\":\"fr-FR\",\"potentialAction\":[{\"@type\":\"ReadAction\",\"target\":[\"https:\/\/old.umalidy-invest-sudmaroc.com\/?page_id=2159\"]}]},{\"@type\":\"BreadcrumbList\",\"@id\":\"https:\/\/old.umalidy-invest-sudmaroc.com\/?page_id=2159#breadcrumb\",\"itemListElement\":[{\"@type\":\"ListItem\",\"position\":1,\"name\":\"Accueil\",\"item\":\"https:\/\/old.umalidy-invest-sudmaroc.com\/\"},{\"@type\":\"ListItem\",\"position\":2,\"name\":\"Chers investisseurs,\"}]},{\"@type\":\"WebSite\",\"@id\":\"https:\/\/old.umalidy-invest-sudmaroc.com\/#website\",\"url\":\"https:\/\/old.umalidy-invest-sudmaroc.com\/\",\"name\":\"umalidy-invest-sudmaroc.com\",\"description\":\"\",\"publisher\":{\"@id\":\"https:\/\/old.umalidy-invest-sudmaroc.com\/#organization\"},\"potentialAction\":[{\"@type\":\"SearchAction\",\"target\":{\"@type\":\"EntryPoint\",\"urlTemplate\":\"https:\/\/old.umalidy-invest-sudmaroc.com\/?s={search_term_string}\"},\"query-input\":\"required name=search_term_string\"}],\"inLanguage\":\"fr-FR\"},{\"@type\":\"Organization\",\"@id\":\"https:\/\/old.umalidy-invest-sudmaroc.com\/#organization\",\"name\":\"UMALIDY INVEST DAKHLA\",\"url\":\"https:\/\/old.umalidy-invest-sudmaroc.com\/\",\"logo\":{\"@type\":\"ImageObject\",\"inLanguage\":\"fr-FR\",\"@id\":\"https:\/\/old.umalidy-invest-sudmaroc.com\/#\/schema\/logo\/image\/\",\"url\":\"https:\/\/old.umalidy-invest-sudmaroc.com\/wp-content\/uploads\/2023\/04\/cropped-Umalidy-logo.png\",\"contentUrl\":\"https:\/\/old.umalidy-invest-sudmaroc.com\/wp-content\/uploads\/2023\/04\/cropped-Umalidy-logo.png\",\"width\":1292,\"height\":356,\"caption\":\"UMALIDY INVEST DAKHLA\"},\"image\":{\"@id\":\"https:\/\/old.umalidy-invest-sudmaroc.com\/#\/schema\/logo\/image\/\"},\"sameAs\":[\"https:\/\/www.linkedin.com\/in\/nadia-cherif-raguibi\/\"]}]}<\/script>\n<!-- \/ Yoast SEO plugin. -->","yoast_head_json":{"title":"Chers investisseurs, - umalidy-invest-sudmaroc.com","description":"Chers investisseurs,","robots":{"index":"index","follow":"follow","max-snippet":"max-snippet:-1","max-image-preview":"max-image-preview:large","max-video-preview":"max-video-preview:-1"},"canonical":"https:\/\/old.umalidy-invest-sudmaroc.com\/?page_id=2159","og_locale":"fr_FR","og_type":"article","og_title":"Chers investisseurs, - umalidy-invest-sudmaroc.com","og_description":"Chers investisseurs,","og_url":"https:\/\/old.umalidy-invest-sudmaroc.com\/?page_id=2159","og_site_name":"umalidy-invest-sudmaroc.com","article_modified_time":"2023-05-31T13:23:18+00:00","og_image":[{"url":"https:\/\/old.umalidy-invest-sudmaroc.com\/wp-content\/uploads\/2023\/01\/baground-p1-e1673219567840-1024x599.png"}],"twitter_card":"summary_large_image","twitter_misc":{"Dur\u00e9e de lecture estim\u00e9e":"1 minute"},"schema":{"@context":"https:\/\/schema.org","@graph":[{"@type":"WebPage","@id":"https:\/\/old.umalidy-invest-sudmaroc.com\/?page_id=2159","url":"https:\/\/old.umalidy-invest-sudmaroc.com\/?page_id=2159","name":"Chers investisseurs, - umalidy-invest-sudmaroc.com","isPartOf":{"@id":"https:\/\/old.umalidy-invest-sudmaroc.com\/#website"},"datePublished":"2022-04-25T12:45:25+00:00","dateModified":"2023-05-31T13:23:18+00:00","description":"Chers investisseurs,","breadcrumb":{"@id":"https:\/\/old.umalidy-invest-sudmaroc.com\/?page_id=2159#breadcrumb"},"inLanguage":"fr-FR","potentialAction":[{"@type":"ReadAction","target":["https:\/\/old.umalidy-invest-sudmaroc.com\/?page_id=2159"]}]},{"@type":"BreadcrumbList","@id":"https:\/\/old.umalidy-invest-sudmaroc.com\/?page_id=2159#breadcrumb","itemListElement":[{"@type":"ListItem","position":1,"name":"Accueil","item":"https:\/\/old.umalidy-invest-sudmaroc.com\/"},{"@type":"ListItem","position":2,"name":"Chers investisseurs,"}]},{"@type":"WebSite","@id":"https:\/\/old.umalidy-invest-sudmaroc.com\/#website","url":"https:\/\/old.umalidy-invest-sudmaroc.com\/","name":"umalidy-invest-sudmaroc.com","description":"","publisher":{"@id":"https:\/\/old.umalidy-invest-sudmaroc.com\/#organization"},"potentialAction":[{"@type":"SearchAction","target":{"@type":"EntryPoint","urlTemplate":"https:\/\/old.umalidy-invest-sudmaroc.com\/?s={search_term_string}"},"query-input":"required name=search_term_string"}],"inLanguage":"fr-FR"},{"@type":"Organization","@id":"https:\/\/old.umalidy-invest-sudmaroc.com\/#organization","name":"UMALIDY INVEST DAKHLA","url":"https:\/\/old.umalidy-invest-sudmaroc.com\/","logo":{"@type":"ImageObject","inLanguage":"fr-FR","@id":"https:\/\/old.umalidy-invest-sudmaroc.com\/#\/schema\/logo\/image\/","url":"https:\/\/old.umalidy-invest-sudmaroc.com\/wp-content\/uploads\/2023\/04\/cropped-Umalidy-logo.png","contentUrl":"https:\/\/old.umalidy-invest-sudmaroc.com\/wp-content\/uploads\/2023\/04\/cropped-Umalidy-logo.png","width":1292,"height":356,"caption":"UMALIDY INVEST DAKHLA"},"image":{"@id":"https:\/\/old.umalidy-invest-sudmaroc.com\/#\/schema\/logo\/image\/"},"sameAs":["https:\/\/www.linkedin.com\/in\/nadia-cherif-raguibi\/"]}]}},"taxonomy_info":[],"featured_image_src_large":false,"author_info":{"display_name":"ncherifraguibi@gmail.com","author_link":"https:\/\/old.umalidy-invest-sudmaroc.com\/?author=1"},"comment_info":0,"_links":{"self":[{"href":"https:\/\/old.umalidy-invest-sudmaroc.com\/index.php?rest_route=\/wp\/v2\/pages\/2159"}],"collection":[{"href":"https:\/\/old.umalidy-invest-sudmaroc.com\/index.php?rest_route=\/wp\/v2\/pages"}],"about":[{"href":"https:\/\/old.umalidy-invest-sudmaroc.com\/index.php?rest_route=\/wp\/v2\/types\/page"}],"author":[{"embeddable":true,"href":"https:\/\/old.umalidy-invest-sudmaroc.com\/index.php?rest_route=\/wp\/v2\/users\/1"}],"replies":[{"embeddable":true,"href":"https:\/\/old.umalidy-invest-sudmaroc.com\/index.php?rest_route=%2Fwp%2Fv2%2Fcomments&post=2159"}],"version-history":[{"count":3,"href":"https:\/\/old.umalidy-invest-sudmaroc.com\/index.php?rest_route=\/wp\/v2\/pages\/2159\/revisions"}],"predecessor-version":[{"id":2439,"href":"https:\/\/old.umalidy-invest-sudmaroc.com\/index.php?rest_route=\/wp\/v2\/pages\/2159\/revisions\/2439"}],"wp:attachment":[{"href":"https:\/\/old.umalidy-invest-sudmaroc.com\/index.php?rest_route=%2Fwp%2Fv2%2Fmedia&parent=2159"}],"curies":[{"name":"wp","href":"https:\/\/api.w.org\/{rel}","templated":true}]}}